{"id":1917,"date":"2010-05-31T10:43:27","date_gmt":"2010-05-31T16:43:27","guid":{"rendered":"http:\/\/vivelibre.org\/mybb\/?p=1917"},"modified":"2023-08-11T19:04:12","modified_gmt":"2023-08-12T01:04:12","slug":"contacto-y-solo-lectura","status":"publish","type":"page","link":"https:\/\/vivelibre.org\/mybb\/?page_id=1917","title":{"rendered":"Contacto y Solo Lectura"},"content":{"rendered":"\n<p>Debido a una serie de factores en Mayo 2010, nos resulta evidente que en el futuro Internet seguir\u00e1 cambiando y que las personas usan mas celulares. No hay mucha interacci\u00f2n los ultimos a\u00f1os, as\u00ed que suponemos que la mayor\u00eda de contactos ser\u00e1 SPAM. Hemos bloqueado la capacidad de poner nuevos comentarios, por lo mismo. Elk paso del tiempo  implica nuevas vulnerabilidades y sitios que van desapareciendo con el tiempo.<\/p>\n\n\n\n<p>Nosotros trataremos de ir cambiando el software para que siempre est\u00e9 actualizado, y sea sencillo respaldar o migrar el contenido.<\/p>\n\n\n\n<p>En caso que necesiten contactar al hospedaje de este sitio :<\/p>\n\n\n\n<p><a href=\"https:\/\/www.facebook.com\/alfonso.orozcoaguilar\">https:\/\/www.facebook.com\/alfonso.orozcoaguilar<\/a><\/p>\n\n\n\n<ul class=\"wp-block-list\">\n<li>No se da soporte Psicol\u00f3gico<\/li>\n<\/ul>\n\n\n\n<p>&nbsp;<\/p>\n","protected":false},"excerpt":{"rendered":"<p>Debido a una serie de factores en Mayo 2010, nos resulta evidente que en el futuro Internet seguir\u00e1 cambiando y que las personas usan mas celulares. No hay mucha interacci\u00f2n los ultimos a\u00f1os, as\u00ed que suponemos que la mayor\u00eda de contactos ser\u00e1 SPAM. Hemos bloqueado la capacidad de poner nuevos comentarios, por lo mismo. Elk<\/p>\n<p class=\"text-right\"><span class=\"screen-reader-text\">Continue Reading&#8230; Contacto y Solo Lectura<\/span><a class=\"btn btn-secondary continue-reading\" href=\"https:\/\/vivelibre.org\/mybb\/?page_id=1917\">Continue Reading&#8230;<\/a><\/p>\n","protected":false},"author":1,"featured_media":0,"parent":0,"menu_order":0,"comment_status":"closed","ping_status":"open","template":"","meta":{"footnotes":""},"class_list":["post-1917","page","type-page","status-publish","hentry"],"_links":{"self":[{"href":"https:\/\/vivelibre.org\/mybb\/index.php?rest_route=\/wp\/v2\/pages\/1917","targetHints":{"allow":["GET"]}}],"collection":[{"href":"https:\/\/vivelibre.org\/mybb\/index.php?rest_route=\/wp\/v2\/pages"}],"about":[{"href":"https:\/\/vivelibre.org\/mybb\/index.php?rest_route=\/wp\/v2\/types\/page"}],"author":[{"embeddable":true,"href":"https:\/\/vivelibre.org\/mybb\/index.php?rest_route=\/wp\/v2\/users\/1"}],"replies":[{"embeddable":true,"href":"https:\/\/vivelibre.org\/mybb\/index.php?rest_route=%2Fwp%2Fv2%2Fcomments&post=1917"}],"version-history":[{"count":1,"href":"https:\/\/vivelibre.org\/mybb\/index.php?rest_route=\/wp\/v2\/pages\/1917\/revisions"}],"predecessor-version":[{"id":1948,"href":"https:\/\/vivelibre.org\/mybb\/index.php?rest_route=\/wp\/v2\/pages\/1917\/revisions\/1948"}],"wp:attachment":[{"href":"https:\/\/vivelibre.org\/mybb\/index.php?rest_route=%2Fwp%2Fv2%2Fmedia&parent=1917"}],"curies":[{"name":"wp","href":"https:\/\/api.w.org\/{rel}","templated":true}]}}