{"id":1374,"date":"2009-06-23T16:37:33","date_gmt":"2009-06-23T16:37:33","guid":{"rendered":"http:\/\/vivelibre.org\/mybb\/?p=1374"},"modified":"2020-08-10T10:23:47","modified_gmt":"2020-08-10T16:23:47","slug":"presentacion","status":"publish","type":"page","link":"https:\/\/vivelibre.org\/mybb\/?page_id=1374","title":{"rendered":"Presentaci\u00f3n"},"content":{"rendered":"<p>Vivelibre.org es un lugar dirigido a ofrecer distintas visiones de la cultura, la psicolog\u00eda y la medicina humana. Es a su vez un sitio de respaldo de foros o p\u00e1ginas desaparecidas cuyo contenido era muy valioso como para perderse (tal es el caso de los foros ya desaparecidos de tanatologia, amputados y suicidio de msn).<\/p>\n<p>En agosto 2020 era evidente que si hay visitas, pero los foros eran para respaldo y no foros de discusi\u00f3n, as\u00ed que para simplificar el trabajo y la seguridad lo convert\u00ed a WordPress respetando los links.<\/p>\n<p>Es posible que en un futuro abramos comentarios o un \u00e1rea nueva par discusi\u00f3n. Sin embargo es obvio que no permitir\u00e9 como moderador debates insustanciales. <\/p>\n<p>Vivelibre contiene textos de diferentes calidades, a veces y no niego, muy superficiales al ser textos b\u00e1sicos o informativos contenidos en los lugares respaldados, sin embargo la mayor\u00eda de los textos tratan a profundidad el tema a tratar. Tambi\u00e9n hay textos de distintos caminos espirituales y creencias que van del b\u00e1sico a lo complejo y que espero puedan servir de gu?a para quienes ya tienen considerado su camino tom\u00e1ndolo esos escritos solo como algo complementario. Con algunos textos tal ve no estar\u00e9 de acuerdo como moderador. Pero son opiniones respetables a tomarse en cuenta pues posibilitan distintas visiones de la realidad o de la conciencia.<\/p>\n<p>Tambi\u00e9n hay algunas categor\u00edas especializados en literatura, cuentos y relatos de distinta \u00edndole. Esto en raz\u00f3n de la que literatura como parte del arte al ofrecer distintas formas de percibir y comprender al mundo amplia la conciencia del lector.<\/p>\n<p>Hemos creado una secci\u00f3n de categor\u00edas del lado derecho, son el equivalente a los subforos de un foro normal. Al mismo tiempo, los mensajes Importantes aparecen ahora en la categor\u00eda Destacados adem\u00e1s de la suya propia.<\/p>\n<h3>Notas importantes:<\/h3>\n<ul>\n<li>Toda la informaci\u00f3n fue respaldada en su mayor\u00eda por el grupo de usuarios conocidos colectivamente como Arjuna, y la informaci\u00f3n publicada no representa ni el punto de vista de ellos ni del o los administradores del sitio. Es importante considerar que nuestra labor fue recuperaci\u00f3n de informaci\u00f3n, aunque algunos de nosotros no estemos COMPLETAMENTE de acuerdo con cierta informaci\u00f3n, pensamos que es importante en su conjunto. (Arjuna fueron Lux, Lorena, Fett, Nacx, Pavro,Vaelia,Kuix ).<\/li>\n<li>Una persona no mencionada del equipo Arjuna estaba involucrado en una secta destructiva y borr\u00f3 los adjuntos y el \u00e1rea de SECTAS. Lo sentimos. Cuando nos dimos cuenta (jul 2009) ya se hab\u00edan perdido los adjuntos.<\/li>\n<\/ul>\n<p>Alfonso Orozco Aguilar, 10 ago 2020<br \/>Ojos Alerta AC<br \/>Director General<\/p>\n\n\n<p><\/p>\n","protected":false},"excerpt":{"rendered":"<p>Vivelibre.org es un lugar dirigido a ofrecer distintas visiones de la cultura, la psicolog\u00eda y la medicina humana. Es a su vez un sitio de respaldo de foros o p\u00e1ginas desaparecidas cuyo contenido era muy valioso como para perderse (tal es el caso de los foros ya desaparecidos de tanatologia, amputados y suicidio de msn).<\/p>\n<p class=\"text-right\"><span class=\"screen-reader-text\">Continue Reading&#8230; Presentaci\u00f3n<\/span><a class=\"btn btn-secondary continue-reading\" href=\"https:\/\/vivelibre.org\/mybb\/?page_id=1374\">Continue Reading&#8230;<\/a><\/p>\n","protected":false},"author":1,"featured_media":0,"parent":0,"menu_order":0,"comment_status":"closed","ping_status":"open","template":"","meta":{"footnotes":""},"class_list":["post-1374","page","type-page","status-publish","hentry"],"_links":{"self":[{"href":"https:\/\/vivelibre.org\/mybb\/index.php?rest_route=\/wp\/v2\/pages\/1374","targetHints":{"allow":["GET"]}}],"collection":[{"href":"https:\/\/vivelibre.org\/mybb\/index.php?rest_route=\/wp\/v2\/pages"}],"about":[{"href":"https:\/\/vivelibre.org\/mybb\/index.php?rest_route=\/wp\/v2\/types\/page"}],"author":[{"embeddable":true,"href":"https:\/\/vivelibre.org\/mybb\/index.php?rest_route=\/wp\/v2\/users\/1"}],"replies":[{"embeddable":true,"href":"https:\/\/vivelibre.org\/mybb\/index.php?rest_route=%2Fwp%2Fv2%2Fcomments&post=1374"}],"version-history":[{"count":0,"href":"https:\/\/vivelibre.org\/mybb\/index.php?rest_route=\/wp\/v2\/pages\/1374\/revisions"}],"wp:attachment":[{"href":"https:\/\/vivelibre.org\/mybb\/index.php?rest_route=%2Fwp%2Fv2%2Fmedia&parent=1374"}],"curies":[{"name":"wp","href":"https:\/\/api.w.org\/{rel}","templated":true}]}}